{"id":2666,"date":"2023-12-08T18:02:23","date_gmt":"2023-12-08T18:02:23","guid":{"rendered":"https:\/\/transporthuppe.com\/a-propos\/"},"modified":"2026-02-19T21:38:01","modified_gmt":"2026-02-19T21:38:01","slug":"about","status":"publish","type":"page","link":"https:\/\/transporthuppe.com\/en\/about\/","title":{"rendered":"About"},"content":{"rendered":"\t\t<div data-elementor-type=\"wp-page\" data-elementor-id=\"2666\" class=\"elementor elementor-2666 elementor-26\">\n\t\t\t\t<div class=\"elementor-element elementor-element-d172da0 e-flex e-con-boxed e-con e-parent\" data-id=\"d172da0\" data-element_type=\"container\" data-settings=\"{&quot;background_background&quot;:&quot;classic&quot;}\">\n\t\t\t\t\t<div class=\"e-con-inner\">\n\t\t<div class=\"elementor-element elementor-element-adc735e e-con-full e-flex e-con e-child\" data-id=\"adc735e\" data-element_type=\"container\">\n\t\t\t\t<div class=\"elementor-element elementor-element-ba941c0 elementor-widget elementor-widget-transpi-heading\" data-id=\"ba941c0\" data-element_type=\"widget\" data-widget_type=\"transpi-heading.default\">\n\t\t\t\t<div class=\"elementor-widget-container\">\n\t\t\t\t\t<div class=\"transpi__section-heading transpialigh\">\r\n        <div class=\"transpi__sub-heaind\">\r\n        <span>Strengthened management<\/span>\r\n    <\/div>\r\n        <h1 class=\"transpi__heading-title spilit__enable split-in-right\">Transport Hupp\u00e9 joins Groupe Global<\/h1>    <\/div>\t\t\t\t<\/div>\n\t\t\t\t<\/div>\n\t\t\t\t<div class=\"elementor-element elementor-element-e1d325e elementor-widget elementor-widget-text-editor\" data-id=\"e1d325e\" data-element_type=\"widget\" data-widget_type=\"text-editor.default\">\n\t\t\t\t\t\t\t\t\t<p>Transport Hupp\u00e9 is now part of Global TL, bringing a modern vision and high standards to transportation. This new management allows us to enhance the reliability, efficiency, and quality of our services to better meet the needs of our customers and support the growth of your operations.<\/p>\t\t\t\t\t\t\t\t<\/div>\n\t\t\t\t<\/div>\n\t\t\t\t\t<\/div>\n\t\t\t\t<\/div>\n\t\t\t\t<section class=\"elementor-section elementor-top-section elementor-element elementor-element-3392d2b elementor-section-boxed elementor-section-height-default elementor-section-height-default\" data-id=\"3392d2b\" data-element_type=\"section\">\n\t\t\t\t\t\t<div class=\"elementor-container elementor-column-gap-default\">\n\t\t\t\t\t<div class=\"elementor-column elementor-col-50 elementor-top-column elementor-element elementor-element-cf30db8 position-relative\" data-id=\"cf30db8\" data-element_type=\"column\">\n\t\t\t<div class=\"elementor-widget-wrap elementor-element-populated\">\n\t\t\t\t\t\t<div class=\"elementor-element elementor-element-06564bf elementor-widget elementor-widget-image\" data-id=\"06564bf\" data-element_type=\"widget\" data-widget_type=\"image.default\">\n\t\t\t\t\t\t\t\t\t\t\t\t\t\t\t<img fetchpriority=\"high\" decoding=\"async\" width=\"640\" height=\"427\" src=\"https:\/\/transporthuppe.com\/wp-content\/uploads\/2026\/01\/tl-truck-road.jpg\" class=\"attachment-large size-large wp-image-2891\" alt=\"\" srcset=\"https:\/\/transporthuppe.com\/wp-content\/uploads\/2026\/01\/tl-truck-road.jpg 750w, https:\/\/transporthuppe.com\/wp-content\/uploads\/2026\/01\/tl-truck-road-300x200.jpg 300w\" sizes=\"(max-width: 640px) 100vw, 640px\" \/>\t\t\t\t\t\t\t\t\t\t\t\t\t\t\t<\/div>\n\t\t\t\t<div class=\"elementor-element elementor-element-997fbaa elementor-widget__width-initial elementor-absolute elementor-hidden-mobile elementor-widget elementor-widget-image\" data-id=\"997fbaa\" data-element_type=\"widget\" data-settings=\"{&quot;_position&quot;:&quot;absolute&quot;}\" data-widget_type=\"image.default\">\n\t\t\t\t\t\t\t\t\t\t\t\t\t\t\t<img decoding=\"async\" width=\"640\" height=\"640\" src=\"https:\/\/transporthuppe.com\/wp-content\/uploads\/2025\/12\/th-truck-front.jpg\" class=\"attachment-large size-large wp-image-2664\" alt=\"\" srcset=\"https:\/\/transporthuppe.com\/wp-content\/uploads\/2025\/12\/th-truck-front.jpg 1000w, https:\/\/transporthuppe.com\/wp-content\/uploads\/2025\/12\/th-truck-front-300x300.jpg 300w, https:\/\/transporthuppe.com\/wp-content\/uploads\/2025\/12\/th-truck-front-150x150.jpg 150w, https:\/\/transporthuppe.com\/wp-content\/uploads\/2025\/12\/th-truck-front-768x768.jpg 768w\" sizes=\"(max-width: 640px) 100vw, 640px\" \/>\t\t\t\t\t\t\t\t\t\t\t\t\t\t\t<\/div>\n\t\t\t\t\t<\/div>\n\t\t<\/div>\n\t\t\t\t<div class=\"elementor-column elementor-col-50 elementor-top-column elementor-element elementor-element-c9d082a\" data-id=\"c9d082a\" data-element_type=\"column\">\n\t\t\t<div class=\"elementor-widget-wrap elementor-element-populated\">\n\t\t\t\t\t\t<div class=\"elementor-element elementor-element-5a3ea81 elementor-widget elementor-widget-transpi-heading\" data-id=\"5a3ea81\" data-element_type=\"widget\" data-widget_type=\"transpi-heading.default\">\n\t\t\t\t<div class=\"elementor-widget-container\">\n\t\t\t\t\t<div class=\"transpi__section-heading transpialigh\">\r\n        <div class=\"transpi__sub-heaind\">\r\n        <span>Personalized service since 1974<\/span>\r\n    <\/div>\r\n        <h1 class=\"transpi__heading-title spilit__enable split-in-right\">Transport Hupp\u00e9<\/h1>    <\/div>\t\t\t\t<\/div>\n\t\t\t\t<\/div>\n\t\t\t\t<section class=\"elementor-section elementor-inner-section elementor-element elementor-element-8831e43 elementor-section-full_width elementor-section-height-default elementor-section-height-default\" data-id=\"8831e43\" data-element_type=\"section\">\n\t\t\t\t\t\t<div class=\"elementor-container elementor-column-gap-no\">\n\t\t\t\t\t<div class=\"elementor-column elementor-col-100 elementor-inner-column elementor-element elementor-element-7b42e75\" data-id=\"7b42e75\" data-element_type=\"column\">\n\t\t\t<div class=\"elementor-widget-wrap elementor-element-populated\">\n\t\t\t\t\t\t<div class=\"elementor-element elementor-element-33f0938 elementor-widget elementor-widget-text-editor\" data-id=\"33f0938\" data-element_type=\"widget\" data-widget_type=\"text-editor.default\">\n\t\t\t\t\t\t\t\t\t<p style=\"margin-bottom: 12px;\">For over 45 years, Transport Hupp\u00e9 has been operating in the local transportation sector. Our goal is to offer personalized and efficient service to all our partners.<\/p>\n<p style=\"margin-bottom: 12px;\">Transport Hupp\u00e9 is the partner of choice for dedicated transportation services. We are experts in renting drivers with tractors only and\/or tractors with 53-foot trailers (closed, open, or curtain-sided). We have all types of equipment to meet your needs.<\/p>\nWhat&#8217;s more, we are open 24\/7.\t\t\t\t\t\t\t\t<\/div>\n\t\t\t\t\t<\/div>\n\t\t<\/div>\n\t\t\t\t\t<\/div>\n\t\t<\/section>\n\t\t\t\t\t<\/div>\n\t\t<\/div>\n\t\t\t\t\t<\/div>\n\t\t<\/section>\n\t\t\t\t<\/div>\n\t\t","protected":false},"excerpt":{"rendered":"<p>Strengthened management Transport Hupp\u00e9 joins Groupe Global Transport Hupp\u00e9 is now part of Global TL, bringing a modern vision and high standards to transportation. This new management allows us to enhance the reliability, efficiency, and quality of our services to better meet the needs of our customers and support the growth of your operations. Personalized [&hellip;]<\/p>\n","protected":false},"author":1,"featured_media":0,"parent":0,"menu_order":0,"comment_status":"closed","ping_status":"closed","template":"elementor_header_footer","meta":{"footnotes":""},"class_list":["post-2666","page","type-page","status-publish","hentry"],"yoast_head":"<!-- This site is optimized with the Yoast SEO plugin v27.0 - https:\/\/yoast.com\/product\/yoast-seo-wordpress\/ -->\n<title>About - Transport Hupp\u00e9<\/title>\n<meta name=\"robots\" content=\"index, follow, max-snippet:-1, max-image-preview:large, max-video-preview:-1\" \/>\n<link rel=\"canonical\" href=\"https:\/\/transporthuppe.com\/en\/about\/\" \/>\n<meta property=\"og:locale\" content=\"en_US\" \/>\n<meta property=\"og:type\" content=\"article\" \/>\n<meta property=\"og:title\" content=\"About - Transport Hupp\u00e9\" \/>\n<meta property=\"og:description\" content=\"Strengthened management Transport Hupp\u00e9 joins Groupe Global Transport Hupp\u00e9 is now part of Global TL, bringing a modern vision and high standards to transportation. This new management allows us to enhance the reliability, efficiency, and quality of our services to better meet the needs of our customers and support the growth of your operations. Personalized [&hellip;]\" \/>\n<meta property=\"og:url\" content=\"https:\/\/transporthuppe.com\/en\/about\/\" \/>\n<meta property=\"og:site_name\" content=\"Transport Hupp\u00e9\" \/>\n<meta property=\"article:modified_time\" content=\"2026-02-19T21:38:01+00:00\" \/>\n<meta property=\"og:image\" content=\"https:\/\/transporthuppe.com\/wp-content\/uploads\/2026\/02\/huppe-og.webp\" \/>\n\t<meta property=\"og:image:width\" content=\"1000\" \/>\n\t<meta property=\"og:image:height\" content=\"563\" \/>\n\t<meta property=\"og:image:type\" content=\"image\/webp\" \/>\n<meta name=\"twitter:card\" content=\"summary_large_image\" \/>\n<meta name=\"twitter:label1\" content=\"Est. reading time\" \/>\n\t<meta name=\"twitter:data1\" content=\"2 minutes\" \/>\n<script type=\"application\/ld+json\" class=\"yoast-schema-graph\">{\"@context\":\"https:\/\/schema.org\",\"@graph\":[{\"@type\":\"WebPage\",\"@id\":\"https:\/\/transporthuppe.com\/en\/about\/\",\"url\":\"https:\/\/transporthuppe.com\/en\/about\/\",\"name\":\"About - Transport Hupp\u00e9\",\"isPartOf\":{\"@id\":\"https:\/\/transporthuppe.com\/#website\"},\"primaryImageOfPage\":{\"@id\":\"https:\/\/transporthuppe.com\/en\/about\/#primaryimage\"},\"image\":{\"@id\":\"https:\/\/transporthuppe.com\/en\/about\/#primaryimage\"},\"thumbnailUrl\":\"https:\/\/transporthuppe.com\/wp-content\/uploads\/2026\/01\/tl-truck-road.jpg\",\"datePublished\":\"2023-12-08T18:02:23+00:00\",\"dateModified\":\"2026-02-19T21:38:01+00:00\",\"breadcrumb\":{\"@id\":\"https:\/\/transporthuppe.com\/en\/about\/#breadcrumb\"},\"inLanguage\":\"en-US\",\"potentialAction\":[{\"@type\":\"ReadAction\",\"target\":[\"https:\/\/transporthuppe.com\/en\/about\/\"]}]},{\"@type\":\"ImageObject\",\"inLanguage\":\"en-US\",\"@id\":\"https:\/\/transporthuppe.com\/en\/about\/#primaryimage\",\"url\":\"https:\/\/transporthuppe.com\/wp-content\/uploads\/2026\/01\/tl-truck-road.jpg\",\"contentUrl\":\"https:\/\/transporthuppe.com\/wp-content\/uploads\/2026\/01\/tl-truck-road.jpg\"},{\"@type\":\"BreadcrumbList\",\"@id\":\"https:\/\/transporthuppe.com\/en\/about\/#breadcrumb\",\"itemListElement\":[{\"@type\":\"ListItem\",\"position\":1,\"name\":\"Accueil\",\"item\":\"https:\/\/transporthuppe.com\/en\/\"},{\"@type\":\"ListItem\",\"position\":2,\"name\":\"About\"}]},{\"@type\":\"WebSite\",\"@id\":\"https:\/\/transporthuppe.com\/#website\",\"url\":\"https:\/\/transporthuppe.com\/\",\"name\":\"Transport Hupp\u00e9\",\"description\":\"\",\"publisher\":{\"@id\":\"https:\/\/transporthuppe.com\/#organization\"},\"potentialAction\":[{\"@type\":\"SearchAction\",\"target\":{\"@type\":\"EntryPoint\",\"urlTemplate\":\"https:\/\/transporthuppe.com\/?s={search_term_string}\"},\"query-input\":{\"@type\":\"PropertyValueSpecification\",\"valueRequired\":true,\"valueName\":\"search_term_string\"}}],\"inLanguage\":\"en-US\"},{\"@type\":\"Organization\",\"@id\":\"https:\/\/transporthuppe.com\/#organization\",\"name\":\"Transport Hupp\u00e9\",\"url\":\"https:\/\/transporthuppe.com\/\",\"logo\":{\"@type\":\"ImageObject\",\"inLanguage\":\"en-US\",\"@id\":\"https:\/\/transporthuppe.com\/#\/schema\/logo\/image\/\",\"url\":\"https:\/\/transporthuppe.com\/wp-content\/uploads\/2025\/11\/transport-huppe-logo.png\",\"contentUrl\":\"https:\/\/transporthuppe.com\/wp-content\/uploads\/2025\/11\/transport-huppe-logo.png\",\"width\":283,\"height\":162,\"caption\":\"Transport Hupp\u00e9\"},\"image\":{\"@id\":\"https:\/\/transporthuppe.com\/#\/schema\/logo\/image\/\"}}]}<\/script>\n<!-- \/ Yoast SEO plugin. -->","yoast_head_json":{"title":"About - Transport Hupp\u00e9","robots":{"index":"index","follow":"follow","max-snippet":"max-snippet:-1","max-image-preview":"max-image-preview:large","max-video-preview":"max-video-preview:-1"},"canonical":"https:\/\/transporthuppe.com\/en\/about\/","og_locale":"en_US","og_type":"article","og_title":"About - Transport Hupp\u00e9","og_description":"Strengthened management Transport Hupp\u00e9 joins Groupe Global Transport Hupp\u00e9 is now part of Global TL, bringing a modern vision and high standards to transportation. This new management allows us to enhance the reliability, efficiency, and quality of our services to better meet the needs of our customers and support the growth of your operations. Personalized [&hellip;]","og_url":"https:\/\/transporthuppe.com\/en\/about\/","og_site_name":"Transport Hupp\u00e9","article_modified_time":"2026-02-19T21:38:01+00:00","og_image":[{"width":1000,"height":563,"url":"https:\/\/transporthuppe.com\/wp-content\/uploads\/2026\/02\/huppe-og.webp","type":"image\/webp"}],"twitter_card":"summary_large_image","twitter_misc":{"Est. reading time":"2 minutes"},"schema":{"@context":"https:\/\/schema.org","@graph":[{"@type":"WebPage","@id":"https:\/\/transporthuppe.com\/en\/about\/","url":"https:\/\/transporthuppe.com\/en\/about\/","name":"About - Transport Hupp\u00e9","isPartOf":{"@id":"https:\/\/transporthuppe.com\/#website"},"primaryImageOfPage":{"@id":"https:\/\/transporthuppe.com\/en\/about\/#primaryimage"},"image":{"@id":"https:\/\/transporthuppe.com\/en\/about\/#primaryimage"},"thumbnailUrl":"https:\/\/transporthuppe.com\/wp-content\/uploads\/2026\/01\/tl-truck-road.jpg","datePublished":"2023-12-08T18:02:23+00:00","dateModified":"2026-02-19T21:38:01+00:00","breadcrumb":{"@id":"https:\/\/transporthuppe.com\/en\/about\/#breadcrumb"},"inLanguage":"en-US","potentialAction":[{"@type":"ReadAction","target":["https:\/\/transporthuppe.com\/en\/about\/"]}]},{"@type":"ImageObject","inLanguage":"en-US","@id":"https:\/\/transporthuppe.com\/en\/about\/#primaryimage","url":"https:\/\/transporthuppe.com\/wp-content\/uploads\/2026\/01\/tl-truck-road.jpg","contentUrl":"https:\/\/transporthuppe.com\/wp-content\/uploads\/2026\/01\/tl-truck-road.jpg"},{"@type":"BreadcrumbList","@id":"https:\/\/transporthuppe.com\/en\/about\/#breadcrumb","itemListElement":[{"@type":"ListItem","position":1,"name":"Accueil","item":"https:\/\/transporthuppe.com\/en\/"},{"@type":"ListItem","position":2,"name":"About"}]},{"@type":"WebSite","@id":"https:\/\/transporthuppe.com\/#website","url":"https:\/\/transporthuppe.com\/","name":"Transport Hupp\u00e9","description":"","publisher":{"@id":"https:\/\/transporthuppe.com\/#organization"},"potentialAction":[{"@type":"SearchAction","target":{"@type":"EntryPoint","urlTemplate":"https:\/\/transporthuppe.com\/?s={search_term_string}"},"query-input":{"@type":"PropertyValueSpecification","valueRequired":true,"valueName":"search_term_string"}}],"inLanguage":"en-US"},{"@type":"Organization","@id":"https:\/\/transporthuppe.com\/#organization","name":"Transport Hupp\u00e9","url":"https:\/\/transporthuppe.com\/","logo":{"@type":"ImageObject","inLanguage":"en-US","@id":"https:\/\/transporthuppe.com\/#\/schema\/logo\/image\/","url":"https:\/\/transporthuppe.com\/wp-content\/uploads\/2025\/11\/transport-huppe-logo.png","contentUrl":"https:\/\/transporthuppe.com\/wp-content\/uploads\/2025\/11\/transport-huppe-logo.png","width":283,"height":162,"caption":"Transport Hupp\u00e9"},"image":{"@id":"https:\/\/transporthuppe.com\/#\/schema\/logo\/image\/"}}]}},"_links":{"self":[{"href":"https:\/\/transporthuppe.com\/en\/wp-json\/wp\/v2\/pages\/2666","targetHints":{"allow":["GET"]}}],"collection":[{"href":"https:\/\/transporthuppe.com\/en\/wp-json\/wp\/v2\/pages"}],"about":[{"href":"https:\/\/transporthuppe.com\/en\/wp-json\/wp\/v2\/types\/page"}],"author":[{"embeddable":true,"href":"https:\/\/transporthuppe.com\/en\/wp-json\/wp\/v2\/users\/1"}],"replies":[{"embeddable":true,"href":"https:\/\/transporthuppe.com\/en\/wp-json\/wp\/v2\/comments?post=2666"}],"version-history":[{"count":8,"href":"https:\/\/transporthuppe.com\/en\/wp-json\/wp\/v2\/pages\/2666\/revisions"}],"predecessor-version":[{"id":2921,"href":"https:\/\/transporthuppe.com\/en\/wp-json\/wp\/v2\/pages\/2666\/revisions\/2921"}],"wp:attachment":[{"href":"https:\/\/transporthuppe.com\/en\/wp-json\/wp\/v2\/media?parent=2666"}],"curies":[{"name":"wp","href":"https:\/\/api.w.org\/{rel}","templated":true}]}}