{"id":2848,"date":"2025-12-09T21:46:42","date_gmt":"2025-12-09T21:46:42","guid":{"rendered":"https:\/\/transporthuppe.com\/carriere\/"},"modified":"2026-02-19T21:37:41","modified_gmt":"2026-02-19T21:37:41","slug":"career","status":"publish","type":"page","link":"https:\/\/transporthuppe.com\/en\/career\/","title":{"rendered":"Career"},"content":{"rendered":"\t\t<div data-elementor-type=\"wp-page\" data-elementor-id=\"2848\" class=\"elementor elementor-2848 elementor-2822\">\n\t\t\t\t<div class=\"elementor-element elementor-element-f638089 e-flex e-con-boxed e-con e-parent\" data-id=\"f638089\" data-element_type=\"container\">\n\t\t\t\t\t<div class=\"e-con-inner\">\n\t\t<div class=\"elementor-element elementor-element-efb8198 e-con-full e-flex e-con e-child\" data-id=\"efb8198\" data-element_type=\"container\">\n\t\t<div class=\"elementor-element elementor-element-ee5cb0f e-con-full e-flex e-con e-child\" data-id=\"ee5cb0f\" data-element_type=\"container\">\n\t\t\t\t<div class=\"elementor-element elementor-element-7d5d686 elementor-widget elementor-widget-transpi-heading\" data-id=\"7d5d686\" data-element_type=\"widget\" data-widget_type=\"transpi-heading.default\">\n\t\t\t\t<div class=\"elementor-widget-container\">\n\t\t\t\t\t<div class=\"transpi__section-heading transpialigh\">\r\n        <div class=\"transpi__sub-heaind\">\r\n        <span>Career<\/span>\r\n    <\/div>\r\n        <h1 class=\"transpi__heading-title spilit__enable split-in-right\">Join the team at Transport Hupp\u00e9<\/h1>    <\/div>\t\t\t\t<\/div>\n\t\t\t\t<\/div>\n\t\t\t\t<\/div>\n\t\t<div class=\"elementor-element elementor-element-67a97e0 e-con-full e-flex e-con e-child\" data-id=\"67a97e0\" data-element_type=\"container\">\n\t\t\t\t<div class=\"elementor-element elementor-element-eae7418 elementor-widget elementor-widget-text-editor\" data-id=\"eae7418\" data-element_type=\"widget\" data-widget_type=\"text-editor.default\">\n\t\t\t\t\t\t\t\t\t<p style=\"margin-bottom: 12px;\">Join a team that is advancing transportation throughout Quebec and Ontario. At Transport Hupp\u00e9, we rely on professionalism, passion, and collaboration to provide reliable and efficient service to each of our customers. Here, your talent is recognized, your commitment matters, and your future is on the road to success.<\/p>\t\t\t\t\t\t\t\t<\/div>\n\t\t\t\t<\/div>\n\t\t\t\t<\/div>\n\t\t<div class=\"elementor-element elementor-element-29e522f e-con-full e-grid e-con e-child\" data-id=\"29e522f\" data-element_type=\"container\">\n\t\t<div class=\"elementor-element elementor-element-a21d612 e-con-full service-card e-flex e-con e-child\" data-id=\"a21d612\" data-element_type=\"container\">\n\t\t\t\t<div class=\"elementor-element elementor-element-b1da234 elementor-widget elementor-widget-heading\" data-id=\"b1da234\" data-element_type=\"widget\" data-widget_type=\"heading.default\">\n\t\t\t\t\t<h2 class=\"elementor-heading-title elementor-size-default\">Why work with us<\/h2>\t\t\t\t<\/div>\n\t\t\t\t<div class=\"elementor-element elementor-element-4a78a8b elementor-icon-list--layout-traditional elementor-list-item-link-full_width elementor-widget elementor-widget-icon-list\" data-id=\"4a78a8b\" data-element_type=\"widget\" data-widget_type=\"icon-list.default\">\n\t\t\t\t\t\t\t<ul class=\"elementor-icon-list-items\">\n\t\t\t\t\t\t\t<li class=\"elementor-icon-list-item\">\n\t\t\t\t\t\t\t\t\t\t\t<span class=\"elementor-icon-list-icon\">\n\t\t\t\t\t\t\t<i aria-hidden=\"true\" class=\"far fa-check-circle\"><\/i>\t\t\t\t\t\t<\/span>\n\t\t\t\t\t\t\t\t\t\t<span class=\"elementor-icon-list-text\">A stimulating work environment<\/span>\n\t\t\t\t\t\t\t\t\t<\/li>\n\t\t\t\t\t\t\t\t<li class=\"elementor-icon-list-item\">\n\t\t\t\t\t\t\t\t\t\t\t<span class=\"elementor-icon-list-icon\">\n\t\t\t\t\t\t\t<i aria-hidden=\"true\" class=\"far fa-check-circle\"><\/i>\t\t\t\t\t\t<\/span>\n\t\t\t\t\t\t\t\t\t\t<span class=\"elementor-icon-list-text\"> Opportunities for advancement<\/span>\n\t\t\t\t\t\t\t\t\t<\/li>\n\t\t\t\t\t\t\t\t<li class=\"elementor-icon-list-item\">\n\t\t\t\t\t\t\t\t\t\t\t<span class=\"elementor-icon-list-icon\">\n\t\t\t\t\t\t\t<i aria-hidden=\"true\" class=\"far fa-check-circle\"><\/i>\t\t\t\t\t\t<\/span>\n\t\t\t\t\t\t\t\t\t\t<span class=\"elementor-icon-list-text\">Competitive working conditions<\/span>\n\t\t\t\t\t\t\t\t\t<\/li>\n\t\t\t\t\t\t\t\t<li class=\"elementor-icon-list-item\">\n\t\t\t\t\t\t\t\t\t\t\t<span class=\"elementor-icon-list-icon\">\n\t\t\t\t\t\t\t<i aria-hidden=\"true\" class=\"far fa-check-circle\"><\/i>\t\t\t\t\t\t<\/span>\n\t\t\t\t\t\t\t\t\t\t<span class=\"elementor-icon-list-text\">A caring and attentive team<\/span>\n\t\t\t\t\t\t\t\t\t<\/li>\n\t\t\t\t\t\t<\/ul>\n\t\t\t\t\t\t<\/div>\n\t\t\t\t<\/div>\n\t\t<div class=\"elementor-element elementor-element-96d4b1c e-con-full service-card e-flex e-con e-child\" data-id=\"96d4b1c\" data-element_type=\"container\" data-settings=\"{&quot;background_background&quot;:&quot;classic&quot;}\">\n\t\t\t\t<div class=\"elementor-element elementor-element-dd8d6b4 elementor-widget elementor-widget-heading\" data-id=\"dd8d6b4\" data-element_type=\"widget\" data-widget_type=\"heading.default\">\n\t\t\t\t\t<h2 class=\"elementor-heading-title elementor-size-default\">What we are looking for<\/h2>\t\t\t\t<\/div>\n\t\t\t\t<div class=\"elementor-element elementor-element-7efcf73 elementor-widget elementor-widget-text-editor\" data-id=\"7efcf73\" data-element_type=\"widget\" data-widget_type=\"text-editor.default\">\n\t\t\t\t\t\t\t\t\t<p>We are looking for motivated and reliable drivers for deliveries across Quebec and Ontario. If you are independent, thorough, and passionate about the road, you will find a stimulating work environment with us.<\/p>\t\t\t\t\t\t\t\t<\/div>\n\t\t\t\t<\/div>\n\t\t<div class=\"elementor-element elementor-element-a94d14b e-con-full service-card e-flex e-con e-child\" data-id=\"a94d14b\" data-element_type=\"container\">\n\t\t\t\t<div class=\"elementor-element elementor-element-555888e elementor-widget elementor-widget-heading\" data-id=\"555888e\" data-element_type=\"widget\" data-widget_type=\"heading.default\">\n\t\t\t\t\t<h2 class=\"elementor-heading-title elementor-size-default\">Our current needs<\/h2>\t\t\t\t<\/div>\n\t\t\t\t<div class=\"elementor-element elementor-element-750fe11 elementor-icon-list--layout-traditional elementor-list-item-link-full_width elementor-widget elementor-widget-icon-list\" data-id=\"750fe11\" data-element_type=\"widget\" data-widget_type=\"icon-list.default\">\n\t\t\t\t\t\t\t<ul class=\"elementor-icon-list-items\">\n\t\t\t\t\t\t\t<li class=\"elementor-icon-list-item\">\n\t\t\t\t\t\t\t\t\t\t\t<span class=\"elementor-icon-list-icon\">\n\t\t\t\t\t\t\t<i aria-hidden=\"true\" class=\"far fa-check-circle\"><\/i>\t\t\t\t\t\t<\/span>\n\t\t\t\t\t\t\t\t\t\t<span class=\"elementor-icon-list-text\">Class 1 and 3 drivers<\/span>\n\t\t\t\t\t\t\t\t\t<\/li>\n\t\t\t\t\t\t<\/ul>\n\t\t\t\t\t\t<\/div>\n\t\t\t\t<\/div>\n\t\t\t\t<\/div>\n\t\t\t\t\t<\/div>\n\t\t\t\t<\/div>\n\t\t<div class=\"elementor-element elementor-element-addb378 e-flex e-con-boxed e-con e-parent\" data-id=\"addb378\" data-element_type=\"container\" data-settings=\"{&quot;background_background&quot;:&quot;classic&quot;}\">\n\t\t\t\t\t<div class=\"e-con-inner\">\n\t\t<div class=\"elementor-element elementor-element-96f3dff e-con-full e-flex e-con e-child\" data-id=\"96f3dff\" data-element_type=\"container\">\n\t\t\t\t<div class=\"elementor-element elementor-element-5f7f481 elementor-widget elementor-widget-transpi-heading\" data-id=\"5f7f481\" data-element_type=\"widget\" data-widget_type=\"transpi-heading.default\">\n\t\t\t\t<div class=\"elementor-widget-container\">\n\t\t\t\t\t<div class=\"transpi__section-heading transpialigh\">\r\n        <div class=\"transpi__sub-heaind\">\r\n        <span>Work with us<\/span>\r\n    <\/div>\r\n        <h1 class=\"transpi__heading-title spilit__enable split-in-right\">Shape your future with us today!<\/h1>    <\/div>\t\t\t\t<\/div>\n\t\t\t\t<\/div>\n\t\t\t\t<div class=\"elementor-element elementor-element-476ba0a elementor-widget elementor-widget-text-editor\" data-id=\"476ba0a\" data-element_type=\"widget\" data-widget_type=\"text-editor.default\">\n\t\t\t\t\t\t\t\t\t<p style=\"margin-bottom: 12px;\">Complete the form to submit your application and join a team that values rigor, safety, and collaboration.<\/p>\t\t\t\t\t\t\t\t<\/div>\n\t\t\t\t<\/div>\n\t\t<div class=\"elementor-element elementor-element-af80fdf e-con-full e-flex e-con e-child\" data-id=\"af80fdf\" data-element_type=\"container\">\n\t\t\t\t<div class=\"elementor-element elementor-element-5f56106 elementor-widget elementor-widget-shortcode\" data-id=\"5f56106\" data-element_type=\"widget\" data-widget_type=\"shortcode.default\">\n\t\t\t\t\t\t\t<div class=\"elementor-shortcode\">\n<div class=\"wpcf7 no-js\" id=\"wpcf7-f2845-o1\" lang=\"en-US\" dir=\"ltr\" data-wpcf7-id=\"2845\">\n<div class=\"screen-reader-response\"><p role=\"status\" aria-live=\"polite\" aria-atomic=\"true\"><\/p> <ul><\/ul><\/div>\n<form action=\"\/en\/wp-json\/wp\/v2\/pages\/2848#wpcf7-f2845-o1\" method=\"post\" class=\"wpcf7-form init\" aria-label=\"Contact form\" novalidate=\"novalidate\" data-status=\"init\">\n<fieldset class=\"hidden-fields-container\"><input type=\"hidden\" name=\"_wpcf7\" value=\"2845\" \/><input type=\"hidden\" name=\"_wpcf7_version\" value=\"6.1.1\" \/><input type=\"hidden\" name=\"_wpcf7_locale\" value=\"en_US\" \/><input type=\"hidden\" name=\"_wpcf7_unit_tag\" value=\"wpcf7-f2845-o1\" \/><input type=\"hidden\" name=\"_wpcf7_container_post\" value=\"0\" \/><input type=\"hidden\" name=\"_wpcf7_posted_data_hash\" value=\"\" \/><input type=\"hidden\" name=\"_wpcf7_recaptcha_response\" value=\"\" \/>\n<\/fieldset>\n<div class=\"contact__form-submit-wrapper\">\n    <div class=\"contact__form-submit\">\n\t    <div class=\"row\">\n\t\t    <div class=\"col-lg-6 col-md-12 col-12\">\n\t\t    \t<div class=\"tp-input\">\n                    <label>First Name <span class=\"required-red\">*<\/span><\/label>\n                    <div class=\"tp-input-field\"><span class=\"wpcf7-form-control-wrap\" data-name=\"firstname\"><input size=\"40\" maxlength=\"400\" class=\"wpcf7-form-control wpcf7-text wpcf7-validates-as-required\" aria-required=\"true\" aria-invalid=\"false\" value=\"\" type=\"text\" name=\"firstname\" \/><\/span><\/div>\n                <\/div>\n\t\t    <\/div>\n\t\t    <div class=\"col-lg-6 col-md-12 col-12\">\n\t\t    \t<div class=\"wc-input\">\n                    <label>Last Name <span class=\"required-red\">*<\/span><\/label>\n                    <div class=\"tp-input-field \"><span class=\"wpcf7-form-control-wrap\" data-name=\"lastname\"><input size=\"40\" maxlength=\"400\" class=\"wpcf7-form-control wpcf7-text wpcf7-validates-as-required\" aria-required=\"true\" aria-invalid=\"false\" value=\"\" type=\"text\" name=\"lastname\" \/><\/span><\/div>\n                <\/div>\n\t\t    <\/div>\n\t    <\/div>\n        <div class=\"row\">\n\t    \t<div class=\"col-lg-6 col-md-12 col-12\">\n\t    \t\t<div class=\"tp-input\">\n                    <label>Email <span class=\"required-red\">*<\/span><\/label>\n                    <div class=\"tp-input-field\"><span class=\"wpcf7-form-control-wrap\" data-name=\"your-email\"><input size=\"40\" maxlength=\"400\" class=\"wpcf7-form-control wpcf7-email wpcf7-validates-as-required wpcf7-text wpcf7-validates-as-email\" aria-required=\"true\" aria-invalid=\"false\" value=\"\" type=\"email\" name=\"your-email\" \/><\/span><\/div>\n                <\/div>\n\t    \t<\/div>\n\t    \t<div class=\"col-lg-6 col-md-12 col-12\">\n\t    \t\t<div class=\"wc-input\">\n                    <label>Phone<\/label>\n                    <div class=\"tp-input-field \"><span class=\"wpcf7-form-control-wrap\" data-name=\"your-phone\"><input size=\"40\" maxlength=\"400\" class=\"wpcf7-form-control wpcf7-tel wpcf7-text wpcf7-validates-as-tel\" aria-invalid=\"false\" value=\"\" type=\"tel\" name=\"your-phone\" \/><\/span><\/div>\n                <\/div>\n\t    \t<\/div>\n\t    <\/div>\n            <div class=\"row\">\n\t    \t<div class=\"col-lg-6 col-md-12 col-12\">\n\t    \t\t<div class=\"tp-input\">\n                    <label>Your city <span class=\"required-red\">*<\/span><\/label>\n                    <div class=\"tp-input-field\"><span class=\"wpcf7-form-control-wrap\" data-name=\"your-city\"><input size=\"40\" maxlength=\"400\" class=\"wpcf7-form-control wpcf7-text wpcf7-validates-as-required\" aria-required=\"true\" aria-invalid=\"false\" value=\"\" type=\"text\" name=\"your-city\" \/><\/span><\/div>\n                <\/div>\n\t    \t<\/div>\n\t    \t<div class=\"col-lg-6 col-md-12 col-12\">\n\t    \t\t<div class=\"wc-input\">\n                    <label>License class <span class=\"required-red\">*<\/span><\/label>\n                    <div class=\"tp-input-field \"><span class=\"wpcf7-form-control-wrap\" data-name=\"your-permit\"><select class=\"wpcf7-form-control wpcf7-select wpcf7-validates-as-required\" aria-required=\"true\" aria-invalid=\"false\" name=\"your-permit\"><option value=\"Class 1\">Class 1<\/option><option value=\"Class 2\">Class 2<\/option><option value=\"Class 3\">Class 3<\/option><option value=\"Class 4\">Class 4<\/option><option value=\"Class 5\">Class 5<\/option><\/select><\/span><\/div>\n                <\/div>\n\t    \t<\/div>\n\t    <\/div>\n        <div class=\"row\">\n\t    \t<div class=\"col-12\">\n\t    \t\t<div class=\"tp-input\">\n                    <label>Message<\/label>\n                    <div class=\"tp-input-field\"><span class=\"wpcf7-form-control-wrap\" data-name=\"your-message\"><textarea cols=\"40\" rows=\"10\" maxlength=\"2000\" class=\"wpcf7-form-control wpcf7-textarea\" aria-invalid=\"false\" name=\"your-message\"><\/textarea><\/span><\/div>\n                <\/div>\n\t    \t<\/div>\n\t    <\/div>\n        <button class=\"thm__btn\" type=\"submit\">Send<\/button>\n    <\/div>\n<\/div><div class=\"wpcf7-response-output\" aria-hidden=\"true\"><\/div>\n<\/form>\n<\/div>\n<\/div>\n\t\t\t\t\t\t<\/div>\n\t\t\t\t<\/div>\n\t\t\t\t\t<\/div>\n\t\t\t\t<\/div>\n\t\t\t\t<\/div>\n\t\t","protected":false},"excerpt":{"rendered":"<p>Career Join the team at Transport Hupp\u00e9 Join a team that is advancing transportation throughout Quebec and Ontario. At Transport Hupp\u00e9, we rely on professionalism, passion, and collaboration to provide reliable and efficient service to each of our customers. Here, your talent is recognized, your commitment matters, and your future is on the road to [&hellip;]<\/p>\n","protected":false},"author":1,"featured_media":0,"parent":0,"menu_order":0,"comment_status":"closed","ping_status":"closed","template":"elementor_header_footer","meta":{"footnotes":""},"class_list":["post-2848","page","type-page","status-publish","hentry"],"yoast_head":"<!-- This site is optimized with the Yoast SEO plugin v27.0 - https:\/\/yoast.com\/product\/yoast-seo-wordpress\/ -->\n<title>Career - Transport Hupp\u00e9<\/title>\n<meta name=\"robots\" content=\"index, follow, max-snippet:-1, max-image-preview:large, max-video-preview:-1\" \/>\n<link rel=\"canonical\" href=\"https:\/\/transporthuppe.com\/en\/career\/\" \/>\n<meta property=\"og:locale\" content=\"en_US\" \/>\n<meta property=\"og:type\" content=\"article\" \/>\n<meta property=\"og:title\" content=\"Career - Transport Hupp\u00e9\" \/>\n<meta property=\"og:description\" content=\"Career Join the team at Transport Hupp\u00e9 Join a team that is advancing transportation throughout Quebec and Ontario. At Transport Hupp\u00e9, we rely on professionalism, passion, and collaboration to provide reliable and efficient service to each of our customers. Here, your talent is recognized, your commitment matters, and your future is on the road to [&hellip;]\" \/>\n<meta property=\"og:url\" content=\"https:\/\/transporthuppe.com\/en\/career\/\" \/>\n<meta property=\"og:site_name\" content=\"Transport Hupp\u00e9\" \/>\n<meta property=\"article:modified_time\" content=\"2026-02-19T21:37:41+00:00\" \/>\n<meta property=\"og:image\" content=\"https:\/\/transporthuppe.com\/wp-content\/uploads\/2026\/02\/huppe-og.webp\" \/>\n\t<meta property=\"og:image:width\" content=\"1000\" \/>\n\t<meta property=\"og:image:height\" content=\"563\" \/>\n\t<meta property=\"og:image:type\" content=\"image\/webp\" \/>\n<meta name=\"twitter:card\" content=\"summary_large_image\" \/>\n<meta name=\"twitter:label1\" content=\"Est. reading time\" \/>\n\t<meta name=\"twitter:data1\" content=\"1 minute\" \/>\n<script type=\"application\/ld+json\" class=\"yoast-schema-graph\">{\"@context\":\"https:\/\/schema.org\",\"@graph\":[{\"@type\":\"WebPage\",\"@id\":\"https:\/\/transporthuppe.com\/en\/career\/\",\"url\":\"https:\/\/transporthuppe.com\/en\/career\/\",\"name\":\"Career - Transport Hupp\u00e9\",\"isPartOf\":{\"@id\":\"https:\/\/transporthuppe.com\/#website\"},\"datePublished\":\"2025-12-09T21:46:42+00:00\",\"dateModified\":\"2026-02-19T21:37:41+00:00\",\"breadcrumb\":{\"@id\":\"https:\/\/transporthuppe.com\/en\/career\/#breadcrumb\"},\"inLanguage\":\"en-US\",\"potentialAction\":[{\"@type\":\"ReadAction\",\"target\":[\"https:\/\/transporthuppe.com\/en\/career\/\"]}]},{\"@type\":\"BreadcrumbList\",\"@id\":\"https:\/\/transporthuppe.com\/en\/career\/#breadcrumb\",\"itemListElement\":[{\"@type\":\"ListItem\",\"position\":1,\"name\":\"Accueil\",\"item\":\"https:\/\/transporthuppe.com\/en\/\"},{\"@type\":\"ListItem\",\"position\":2,\"name\":\"Career\"}]},{\"@type\":\"WebSite\",\"@id\":\"https:\/\/transporthuppe.com\/#website\",\"url\":\"https:\/\/transporthuppe.com\/\",\"name\":\"Transport Hupp\u00e9\",\"description\":\"\",\"publisher\":{\"@id\":\"https:\/\/transporthuppe.com\/#organization\"},\"potentialAction\":[{\"@type\":\"SearchAction\",\"target\":{\"@type\":\"EntryPoint\",\"urlTemplate\":\"https:\/\/transporthuppe.com\/?s={search_term_string}\"},\"query-input\":{\"@type\":\"PropertyValueSpecification\",\"valueRequired\":true,\"valueName\":\"search_term_string\"}}],\"inLanguage\":\"en-US\"},{\"@type\":\"Organization\",\"@id\":\"https:\/\/transporthuppe.com\/#organization\",\"name\":\"Transport Hupp\u00e9\",\"url\":\"https:\/\/transporthuppe.com\/\",\"logo\":{\"@type\":\"ImageObject\",\"inLanguage\":\"en-US\",\"@id\":\"https:\/\/transporthuppe.com\/#\/schema\/logo\/image\/\",\"url\":\"https:\/\/transporthuppe.com\/wp-content\/uploads\/2025\/11\/transport-huppe-logo.png\",\"contentUrl\":\"https:\/\/transporthuppe.com\/wp-content\/uploads\/2025\/11\/transport-huppe-logo.png\",\"width\":283,\"height\":162,\"caption\":\"Transport Hupp\u00e9\"},\"image\":{\"@id\":\"https:\/\/transporthuppe.com\/#\/schema\/logo\/image\/\"}}]}<\/script>\n<!-- \/ Yoast SEO plugin. -->","yoast_head_json":{"title":"Career - Transport Hupp\u00e9","robots":{"index":"index","follow":"follow","max-snippet":"max-snippet:-1","max-image-preview":"max-image-preview:large","max-video-preview":"max-video-preview:-1"},"canonical":"https:\/\/transporthuppe.com\/en\/career\/","og_locale":"en_US","og_type":"article","og_title":"Career - Transport Hupp\u00e9","og_description":"Career Join the team at Transport Hupp\u00e9 Join a team that is advancing transportation throughout Quebec and Ontario. At Transport Hupp\u00e9, we rely on professionalism, passion, and collaboration to provide reliable and efficient service to each of our customers. Here, your talent is recognized, your commitment matters, and your future is on the road to [&hellip;]","og_url":"https:\/\/transporthuppe.com\/en\/career\/","og_site_name":"Transport Hupp\u00e9","article_modified_time":"2026-02-19T21:37:41+00:00","og_image":[{"width":1000,"height":563,"url":"https:\/\/transporthuppe.com\/wp-content\/uploads\/2026\/02\/huppe-og.webp","type":"image\/webp"}],"twitter_card":"summary_large_image","twitter_misc":{"Est. reading time":"1 minute"},"schema":{"@context":"https:\/\/schema.org","@graph":[{"@type":"WebPage","@id":"https:\/\/transporthuppe.com\/en\/career\/","url":"https:\/\/transporthuppe.com\/en\/career\/","name":"Career - Transport Hupp\u00e9","isPartOf":{"@id":"https:\/\/transporthuppe.com\/#website"},"datePublished":"2025-12-09T21:46:42+00:00","dateModified":"2026-02-19T21:37:41+00:00","breadcrumb":{"@id":"https:\/\/transporthuppe.com\/en\/career\/#breadcrumb"},"inLanguage":"en-US","potentialAction":[{"@type":"ReadAction","target":["https:\/\/transporthuppe.com\/en\/career\/"]}]},{"@type":"BreadcrumbList","@id":"https:\/\/transporthuppe.com\/en\/career\/#breadcrumb","itemListElement":[{"@type":"ListItem","position":1,"name":"Accueil","item":"https:\/\/transporthuppe.com\/en\/"},{"@type":"ListItem","position":2,"name":"Career"}]},{"@type":"WebSite","@id":"https:\/\/transporthuppe.com\/#website","url":"https:\/\/transporthuppe.com\/","name":"Transport Hupp\u00e9","description":"","publisher":{"@id":"https:\/\/transporthuppe.com\/#organization"},"potentialAction":[{"@type":"SearchAction","target":{"@type":"EntryPoint","urlTemplate":"https:\/\/transporthuppe.com\/?s={search_term_string}"},"query-input":{"@type":"PropertyValueSpecification","valueRequired":true,"valueName":"search_term_string"}}],"inLanguage":"en-US"},{"@type":"Organization","@id":"https:\/\/transporthuppe.com\/#organization","name":"Transport Hupp\u00e9","url":"https:\/\/transporthuppe.com\/","logo":{"@type":"ImageObject","inLanguage":"en-US","@id":"https:\/\/transporthuppe.com\/#\/schema\/logo\/image\/","url":"https:\/\/transporthuppe.com\/wp-content\/uploads\/2025\/11\/transport-huppe-logo.png","contentUrl":"https:\/\/transporthuppe.com\/wp-content\/uploads\/2025\/11\/transport-huppe-logo.png","width":283,"height":162,"caption":"Transport Hupp\u00e9"},"image":{"@id":"https:\/\/transporthuppe.com\/#\/schema\/logo\/image\/"}}]}},"_links":{"self":[{"href":"https:\/\/transporthuppe.com\/en\/wp-json\/wp\/v2\/pages\/2848","targetHints":{"allow":["GET"]}}],"collection":[{"href":"https:\/\/transporthuppe.com\/en\/wp-json\/wp\/v2\/pages"}],"about":[{"href":"https:\/\/transporthuppe.com\/en\/wp-json\/wp\/v2\/types\/page"}],"author":[{"embeddable":true,"href":"https:\/\/transporthuppe.com\/en\/wp-json\/wp\/v2\/users\/1"}],"replies":[{"embeddable":true,"href":"https:\/\/transporthuppe.com\/en\/wp-json\/wp\/v2\/comments?post=2848"}],"version-history":[{"count":11,"href":"https:\/\/transporthuppe.com\/en\/wp-json\/wp\/v2\/pages\/2848\/revisions"}],"predecessor-version":[{"id":2920,"href":"https:\/\/transporthuppe.com\/en\/wp-json\/wp\/v2\/pages\/2848\/revisions\/2920"}],"wp:attachment":[{"href":"https:\/\/transporthuppe.com\/en\/wp-json\/wp\/v2\/media?parent=2848"}],"curies":[{"name":"wp","href":"https:\/\/api.w.org\/{rel}","templated":true}]}}